{"id":23638,"date":"2014-11-13T13:22:00","date_gmt":"2014-11-13T13:22:00","guid":{"rendered":"http:\/\/blueowlcreative.com\/wp\/fortuna_export\/?page_id=2"},"modified":"2019-12-10T19:35:32","modified_gmt":"2019-12-10T19:35:32","slug":"home-page","status":"publish","type":"page","link":"https:\/\/www.bebpiazzasangiovanni.it\/?page_id=23638","title":{"rendered":"Home Page"},"content":{"rendered":"<p>[vc_row full_width=&#8221;stretch_row_content_no_spaces&#8221;][vc_column][vc_column_text]\n\t\t\t<!-- START Business1 REVOLUTION SLIDER 6.1.5 --><p class=\"rs-p-wp-fix\"><\/p>\n\t\t\t<rs-module-wrap id=\"rev_slider_10_1_wrapper\" data-source=\"gallery\" style=\"background:#f4f4f4;padding:0;\">\n\t\t\t\t<rs-module id=\"rev_slider_10_1\" style=\"display:none;\" data-version=\"6.1.5\">\n\t\t\t\t\t<rs-slides>\n\t\t\t\t\t\t<rs-slide data-key=\"rs-33\" data-title=\"I profumi della Murgia\" data-thumb=\"\/\/www.bebpiazzasangiovanni.it\/wp-content\/uploads\/2019\/12\/BeBPiazzaSanGiovanniAltamura015-100x50.jpg\" data-anim=\"ei:d;eo:d;s:d;r:0;t:fade;sl:d;\" data-firstanim=\"t:fade;s:1500;sl:7;\">\n\t\t\t\t\t\t\t<img src=\"\/\/www.bebpiazzasangiovanni.it\/wp-content\/uploads\/2019\/12\/BeBPiazzaSanGiovanniAltamura015.jpg\" title=\"BeBPiazzaSanGiovanniAltamura015\" width=\"1920\" height=\"1280\" data-parallax=\"10\" class=\"rev-slidebg\" data-no-retina>\n<!--\n\t\t\t\t\t\t\t--><rs-layer\n\t\t\t\t\t\t\t\tid=\"slider-10-slide-33-layer-1\" \n\t\t\t\t\t\t\t\tclass=\"Waxom-Main-Heading\"\n\t\t\t\t\t\t\t\tdata-type=\"text\"\n\t\t\t\t\t\t\t\tdata-color=\"rgba(255,255,255,1)\"\n\t\t\t\t\t\t\t\tdata-rsp_ch=\"on\"\n\t\t\t\t\t\t\t\tdata-xy=\"x:c;xo:1px,0,0,0;y:m;yo:-105px,0,0,0;\"\n\t\t\t\t\t\t\t\tdata-text=\"s:56,70,70,45;l:70,70,70,50;fw:800;\"\n\t\t\t\t\t\t\t\tdata-padding=\"t:10;b:10;\"\n\t\t\t\t\t\t\t\tdata-frame_0=\"y:50px;tp:600;\"\n\t\t\t\t\t\t\t\tdata-frame_1=\"tp:600;st:200;sp:1200;sR:200;\"\n\t\t\t\t\t\t\t\tdata-frame_999=\"y:100%;tp:600;e:Power2.easeInOut;st:w;sp:1000;sR:200;\"\n\t\t\t\t\t\t\t\tdata-frame_999_mask=\"u:t;\"\n\t\t\t\t\t\t\t\tstyle=\"z-index:8;font-family:Raleway;\"\n\t\t\t\t\t\t\t>I <span style=\"color:rgb(255, 235, 100);\">Profumi.<\/span><br> della Murgia \n\t\t\t\t\t\t\t<\/rs-layer><!--\n\n\t\t\t\t\t\t\t--><rs-layer\n\t\t\t\t\t\t\t\tid=\"slider-10-slide-33-layer-9\" \n\t\t\t\t\t\t\t\tclass=\"rev-scroll-btn\"\n\t\t\t\t\t\t\t\tdata-type=\"button\"\n\t\t\t\t\t\t\t\tdata-xy=\"x:c;y:b;yo:50px;\"\n\t\t\t\t\t\t\t\tdata-text=\"fw:100;\"\n\t\t\t\t\t\t\t\tdata-dim=\"w:35px;h:55px;\"\n\t\t\t\t\t\t\t\tdata-actions='o:click;a:scrollbelow;offset:-70px;sp:300;e:Linear.easeNone;'\n\t\t\t\t\t\t\t\tdata-basealign=\"slide\"\n\t\t\t\t\t\t\t\tdata-rsp_o=\"off\"\n\t\t\t\t\t\t\t\tdata-rsp_bd=\"off\"\n\t\t\t\t\t\t\t\tdata-border=\"bos:solid;boc:rgba(255,255,255,0.70);bow:2px,2px,2px,2px;bor:23px,23px,23px,23px;\"\n\t\t\t\t\t\t\t\tdata-frame_0=\"y:50px;tp:600;\"\n\t\t\t\t\t\t\t\tdata-frame_1=\"tp:600;st:200;sp:1500;sR:200;\"\n\t\t\t\t\t\t\t\tdata-frame_999=\"y:50px;o:0;tp:600;e:nothing;st:w;sp:1000;sR:200;\"\n\t\t\t\t\t\t\t\tstyle=\"z-index:9;font-family:Roboto;cursor:pointer;box-sizing:border-box;-moz-box-sizing:border-box;-webkit-box-sizing:border-box;\"\n\t\t\t\t\t\t\t>\t\t\t\t\t\t\t\n\t\t\t\t\t\t\t<span>\n\t\t\t\t\t\t\t<\/span>\t\t\t\t\t\t\t\n\t\t\t\t\t\t \n\t\t\t\t\t\t\t<\/rs-layer><!--\n-->\t\t\t\t\t\t<\/rs-slide>\n\t\t\t\t\t\t<rs-slide data-key=\"rs-36\" data-title=\"Nel cuore di Altamura\" data-thumb=\"\/\/www.bebpiazzasangiovanni.it\/wp-content\/uploads\/2019\/12\/BeBPiazzaSanGiovanniAltamura09-100x50.jpg\" data-anim=\"ei:d;eo:d;s:d;r:0;t:fade;sl:d;\">\n\t\t\t\t\t\t\t<img src=\"\/\/www.bebpiazzasangiovanni.it\/wp-content\/uploads\/2019\/12\/BeBPiazzaSanGiovanniAltamura09.jpg\" title=\"BeBPiazzaSanGiovanniAltamura09\" width=\"1920\" height=\"1280\" data-parallax=\"10\" class=\"rev-slidebg\" data-no-retina>\n<!--\n\t\t\t\t\t\t\t--><rs-layer\n\t\t\t\t\t\t\t\tid=\"slider-10-slide-36-layer-1\" \n\t\t\t\t\t\t\t\tclass=\"Waxom-Main-Heading\"\n\t\t\t\t\t\t\t\tdata-type=\"text\"\n\t\t\t\t\t\t\t\tdata-color=\"rgba(255,255,255,1)\"\n\t\t\t\t\t\t\t\tdata-rsp_ch=\"on\"\n\t\t\t\t\t\t\t\tdata-xy=\"x:c;xo:1px,0,0,0;y:m;yo:-105px,0,0,0;\"\n\t\t\t\t\t\t\t\tdata-text=\"s:56,70,70,45;l:70,70,70,50;fw:800;\"\n\t\t\t\t\t\t\t\tdata-padding=\"t:10;b:10;\"\n\t\t\t\t\t\t\t\tdata-frame_0=\"y:50px;tp:600;\"\n\t\t\t\t\t\t\t\tdata-frame_1=\"tp:600;st:200;sp:1200;sR:200;\"\n\t\t\t\t\t\t\t\tdata-frame_999=\"y:100%;tp:600;e:Power2.easeInOut;st:w;sp:1000;sR:200;\"\n\t\t\t\t\t\t\t\tdata-frame_999_mask=\"u:t;\"\n\t\t\t\t\t\t\t\tstyle=\"z-index:8;font-family:Raleway;\"\n\t\t\t\t\t\t\t>Nel <span style=\"color:rgb(255, 235, 100);\">Cuore<\/span><br> del Centro Storico \n\t\t\t\t\t\t\t<\/rs-layer><!--\n\n\t\t\t\t\t\t\t--><rs-layer\n\t\t\t\t\t\t\t\tid=\"slider-10-slide-36-layer-9\" \n\t\t\t\t\t\t\t\tclass=\"rev-scroll-btn\"\n\t\t\t\t\t\t\t\tdata-type=\"button\"\n\t\t\t\t\t\t\t\tdata-xy=\"x:c;y:b;yo:50px;\"\n\t\t\t\t\t\t\t\tdata-text=\"fw:100;\"\n\t\t\t\t\t\t\t\tdata-dim=\"w:35px;h:55px;\"\n\t\t\t\t\t\t\t\tdata-actions='o:click;a:scrollbelow;offset:-70px;sp:300;e:Linear.easeNone;'\n\t\t\t\t\t\t\t\tdata-basealign=\"slide\"\n\t\t\t\t\t\t\t\tdata-rsp_o=\"off\"\n\t\t\t\t\t\t\t\tdata-rsp_bd=\"off\"\n\t\t\t\t\t\t\t\tdata-border=\"bos:solid;boc:rgba(255,255,255,0.70);bow:2px,2px,2px,2px;bor:23px,23px,23px,23px;\"\n\t\t\t\t\t\t\t\tdata-frame_0=\"y:50px;tp:600;\"\n\t\t\t\t\t\t\t\tdata-frame_1=\"tp:600;st:200;sp:1500;sR:200;\"\n\t\t\t\t\t\t\t\tdata-frame_999=\"y:50px;o:0;tp:600;e:nothing;st:w;sp:1000;sR:200;\"\n\t\t\t\t\t\t\t\tstyle=\"z-index:9;font-family:Roboto;cursor:pointer;box-sizing:border-box;-moz-box-sizing:border-box;-webkit-box-sizing:border-box;\"\n\t\t\t\t\t\t\t>\t\t\t\t\t\t\t\n\t\t\t\t\t\t\t<span>\n\t\t\t\t\t\t\t<\/span>\t\t\t\t\t\t\t\n\t\t\t\t\t\t \n\t\t\t\t\t\t\t<\/rs-layer><!--\n-->\t\t\t\t\t\t<\/rs-slide>\n\t\t\t\t\t\t<rs-slide data-key=\"rs-37\" data-title=\"A pochi minuti da Matera\" data-thumb=\"\/\/www.bebpiazzasangiovanni.it\/wp-content\/uploads\/2019\/12\/BeBPiazzaSanGiovanniAltamura021-100x50.jpg\" data-anim=\"ei:d;eo:d;s:d;r:0;t:fade;sl:d;\">\n\t\t\t\t\t\t\t<img src=\"\/\/www.bebpiazzasangiovanni.it\/wp-content\/uploads\/2019\/12\/BeBPiazzaSanGiovanniAltamura021.jpg\" title=\"BeBPiazzaSanGiovanniAltamura021\" width=\"1920\" height=\"1280\" data-parallax=\"10\" class=\"rev-slidebg\" data-no-retina>\n<!--\n\t\t\t\t\t\t\t--><rs-layer\n\t\t\t\t\t\t\t\tid=\"slider-10-slide-37-layer-1\" \n\t\t\t\t\t\t\t\tclass=\"Waxom-Main-Heading\"\n\t\t\t\t\t\t\t\tdata-type=\"text\"\n\t\t\t\t\t\t\t\tdata-color=\"rgba(255,255,255,1)\"\n\t\t\t\t\t\t\t\tdata-rsp_ch=\"on\"\n\t\t\t\t\t\t\t\tdata-xy=\"x:c;xo:-1px,0,0,0;y:m;yo:-126px,0,0,0;\"\n\t\t\t\t\t\t\t\tdata-text=\"s:56,70,70,45;l:70,70,70,50;fw:800;\"\n\t\t\t\t\t\t\t\tdata-padding=\"t:10;b:10;\"\n\t\t\t\t\t\t\t\tdata-frame_0=\"y:50px;tp:600;\"\n\t\t\t\t\t\t\t\tdata-frame_1=\"tp:600;st:200;sp:1200;sR:200;\"\n\t\t\t\t\t\t\t\tdata-frame_999=\"y:100%;tp:600;e:Power2.easeInOut;st:w;sp:1000;sR:200;\"\n\t\t\t\t\t\t\t\tdata-frame_999_mask=\"u:t;\"\n\t\t\t\t\t\t\t\tstyle=\"z-index:8;font-family:Raleway;\"\n\t\t\t\t\t\t\t>A pochi minuti da Matera \n\t\t\t\t\t\t\t<\/rs-layer><!--\n\n\t\t\t\t\t\t\t--><rs-layer\n\t\t\t\t\t\t\t\tid=\"slider-10-slide-37-layer-9\" \n\t\t\t\t\t\t\t\tclass=\"rev-scroll-btn\"\n\t\t\t\t\t\t\t\tdata-type=\"button\"\n\t\t\t\t\t\t\t\tdata-xy=\"x:c;y:b;yo:50px;\"\n\t\t\t\t\t\t\t\tdata-text=\"fw:100;\"\n\t\t\t\t\t\t\t\tdata-dim=\"w:35px;h:55px;\"\n\t\t\t\t\t\t\t\tdata-actions='o:click;a:scrollbelow;offset:-70px;sp:300;e:Linear.easeNone;'\n\t\t\t\t\t\t\t\tdata-basealign=\"slide\"\n\t\t\t\t\t\t\t\tdata-rsp_o=\"off\"\n\t\t\t\t\t\t\t\tdata-rsp_bd=\"off\"\n\t\t\t\t\t\t\t\tdata-border=\"bos:solid;boc:rgba(255,255,255,0.70);bow:2px,2px,2px,2px;bor:23px,23px,23px,23px;\"\n\t\t\t\t\t\t\t\tdata-frame_0=\"y:50px;tp:600;\"\n\t\t\t\t\t\t\t\tdata-frame_1=\"tp:600;st:200;sp:1500;sR:200;\"\n\t\t\t\t\t\t\t\tdata-frame_999=\"y:50px;o:0;tp:600;e:nothing;st:w;sp:1000;sR:200;\"\n\t\t\t\t\t\t\t\tstyle=\"z-index:9;font-family:Roboto;cursor:pointer;box-sizing:border-box;-moz-box-sizing:border-box;-webkit-box-sizing:border-box;\"\n\t\t\t\t\t\t\t>\t\t\t\t\t\t\t\n\t\t\t\t\t\t\t<span>\n\t\t\t\t\t\t\t<\/span>\t\t\t\t\t\t\t\n\t\t\t\t\t\t \n\t\t\t\t\t\t\t<\/rs-layer><!--\n-->\t\t\t\t\t\t<\/rs-slide>\n\t\t\t\t\t<\/rs-slides>\n\t\t\t\t\t<rs-progress class=\"rs-bottom\" style=\"visibility: hidden !important;\"><\/rs-progress>\n\t\t\t\t<\/rs-module>\n\t\t\t\t<script type=\"text\/javascript\">\n\t\t\t\t\tsetREVStartSize({c: 'rev_slider_10_1',rl:[1240,1024,778,480],el:[868,768,960,720],gw:[1240,1024,778,480],gh:[868,768,960,720],layout:'fullscreen',offsetContainer:'',offset:'0px',mh:\"0\"});\n\t\t\t\t\tvar\trevapi10,\n\t\t\t\t\t\ttpj;\n\t\t\t\t\tjQuery(function() {\n\t\t\t\t\t\ttpj = jQuery;\n\t\t\t\t\t\ttpj.noConflict();\n\t\t\t\t\t\tif(tpj(\"#rev_slider_10_1\").revolution == undefined){\n\t\t\t\t\t\t\trevslider_showDoubleJqueryError(\"#rev_slider_10_1\");\n\t\t\t\t\t\t}else{\n\t\t\t\t\t\t\trevapi10 = tpj(\"#rev_slider_10_1\").show().revolution({\n\t\t\t\t\t\t\t\tjsFileLocation:\"\/\/www.bebpiazzasangiovanni.it\/wp-content\/plugins\/revslider\/public\/assets\/js\/\",\n\t\t\t\t\t\t\t\tsliderLayout:\"fullscreen\",\n\t\t\t\t\t\t\t\tvisibilityLevels:\"1240,1024,778,480\",\n\t\t\t\t\t\t\t\tgridwidth:\"1240,1024,778,480\",\n\t\t\t\t\t\t\t\tgridheight:\"868,768,960,720\",\n\t\t\t\t\t\t\t\tminHeight:\"\",\n\t\t\t\t\t\t\t\tspinner:\"spinner2\",\n\t\t\t\t\t\t\t\teditorheight:\"868,768,960,720\",\n\t\t\t\t\t\t\t\tresponsiveLevels:\"1240,1024,778,480\",\n\t\t\t\t\t\t\t\tfullScreenOffset:\"0px\",\n\t\t\t\t\t\t\t\tdisableProgressBar:\"on\",\n\t\t\t\t\t\t\t\tnavigation: {\n\t\t\t\t\t\t\t\t\tmouseScrollNavigation:false,\n\t\t\t\t\t\t\t\t\tonHoverStop:false,\n\t\t\t\t\t\t\t\t\tarrows: {\n\t\t\t\t\t\t\t\t\t\tenable:true,\n\t\t\t\t\t\t\t\t\t\ttmp:\"<div class=\\\"tp-title-wrap\\\">\t<span class=\\\"tp-arr-titleholder\\\">{{title}}<\/span>    <span class=\\\"tp-arr-imgholder\\\"><\/span> <\/div>\",\n\t\t\t\t\t\t\t\t\t\tstyle:\"hebe\",\n\t\t\t\t\t\t\t\t\t\tleft: {\n\t\t\t\t\t\t\t\t\t\t\th_offset:30\n\t\t\t\t\t\t\t\t\t\t},\n\t\t\t\t\t\t\t\t\t\tright: {\n\t\t\t\t\t\t\t\t\t\t\th_offset:30\n\t\t\t\t\t\t\t\t\t\t}\n\t\t\t\t\t\t\t\t\t}\n\t\t\t\t\t\t\t\t},\n\t\t\t\t\t\t\t\tparallax: {\n\t\t\t\t\t\t\t\t\tlevels:[2,3,4,5,6,7,12,16,10,50,47,48,49,50,51,55],\n\t\t\t\t\t\t\t\t\ttype:\"mouse\",\n\t\t\t\t\t\t\t\t\torigo:\"slidercenter\",\n\t\t\t\t\t\t\t\t\tspeed:2000,\n\t\t\t\t\t\t\t\t\tdisable_onmobile:true\n\t\t\t\t\t\t\t\t},\n\t\t\t\t\t\t\t\tfallbacks: {\n\t\t\t\t\t\t\t\t\tignoreHeightChanges:\"\",\n\t\t\t\t\t\t\t\t\tallowHTML5AutoPlayOnAndroid:true\n\t\t\t\t\t\t\t\t},\n\t\t\t\t\t\t\t});\n\t\t\t\t\t\t}\n\t\t\t\t\t\t\n\t\t\t\t\t});\n\t\t\t\t<\/script>\n\t\t\t\t<script>\n\t\t\t\t\tvar htmlDivCss = ' #rev_slider_10_1_wrapper rs-loader.spinner2{ background-color: #FFFFFF !important; } '\n\t\t\t\t\tvar htmlDiv = document.getElementById('rs-plugin-settings-inline-css');\n\t\t\t\t\tif(htmlDiv) {\n\t\t\t\t\t\thtmlDiv.innerHTML = htmlDiv.innerHTML + htmlDivCss;\n\t\t\t\t\t}else{\n\t\t\t\t\t\tvar htmlDiv = document.createElement('div');\n\t\t\t\t\t\thtmlDiv.innerHTML = '<style>' + htmlDivCss + '<\/style>';\n\t\t\t\t\t\tdocument.getElementsByTagName('head')[0].appendChild(htmlDiv.childNodes[0]);\n\t\t\t\t\t}\n\t\t\t\t<\/script>\n\t\t\t\t<script>\n\t\t\t\t\tvar htmlDivCss = unescape(\"%23rev_slider_10_1_wrapper%20.hebe.tparrows%20%7B%0A%20%20cursor%3Apointer%3B%0A%20%20background%3A%23ffffff%3B%0A%20%20min-width%3A70px%3B%0A%20%20min-height%3A70px%3B%0A%20%20position%3Aabsolute%3B%0A%20%20display%3Ablock%3B%0A%20%20z-index%3A1000%3B%0A%7D%0A%23rev_slider_10_1_wrapper%20.hebe.tparrows%3Ahover%20%7B%0A%7D%0A%23rev_slider_10_1_wrapper%20.hebe.tparrows%3Abefore%20%7B%0A%20%20font-family%3A%20%27revicons%27%3B%0A%20%20font-size%3A30px%3B%0A%20%20color%3Argba%280%2C0%2C0%2C0.5%29%3B%0A%20%20display%3Ablock%3B%0A%20%20line-height%3A%2070px%3B%0A%20%20text-align%3A%20center%3B%0A%20%20-webkit-transition%3A%20color%200.3s%3B%0A%20%20-moz-transition%3A%20color%200.3s%3B%0A%20%20transition%3A%20color%200.3s%3B%0A%20%20z-index%3A2%3B%0A%20%20position%3Arelative%3B%0A%20%20%20background%3A%23ffffff%3B%0A%20%20min-width%3A70px%3B%0A%20%20%20%20min-height%3A70px%3B%0A%7D%0A%23rev_slider_10_1_wrapper%20.hebe.tparrows.tp-leftarrow%3Abefore%20%7B%0A%20%20content%3A%20%27%5Ce824%27%3B%0A%7D%0A%23rev_slider_10_1_wrapper%20.hebe.tparrows.tp-rightarrow%3Abefore%20%7B%0A%20%20content%3A%20%27%5Ce825%27%3B%0A%7D%0A%23rev_slider_10_1_wrapper%20.hebe.tparrows%3Ahover%3Abefore%20%7B%0A%20color%3A%23000%3B%0A%20%20%20%20%20%20%7D%0A.tp-title-wrap%20%7B%20%0A%20%20position%3Aabsolute%3B%0A%20%20z-index%3A0%3B%0A%20%20display%3Ainline-block%3B%0A%20%20background%3A%23000%3B%0A%20%20background%3Argba%280%2C0%2C0%2C0.75%29%3B%0A%20%20min-height%3A60px%3B%0A%20%20line-height%3A60px%3B%0A%20%20top%3A-10px%3B%0A%20%20margin-left%3A0px%3B%0A%20%20-webkit-transition%3A%20-webkit-transform%200.3s%3B%0A%20%20transition%3A%20transform%200.3s%3B%0A%20%20transform%3Ascalex%280%29%3B%20%20%0A%20%20-webkit-transform%3Ascalex%280%29%3B%20%20%0A%20%20transform-origin%3A0%25%2050%25%3B%20%0A%20%20%20-webkit-transform-origin%3A0%25%2050%25%3B%0A%7D%0A%20%23rev_slider_10_1_wrapper%20.hebe.tp-rightarrow%20.tp-title-wrap%20%7B%20%0A%20%20%20right%3A0px%3B%0A%20%20%20-webkit-transform-origin%3A100%25%2050%25%3B%0A%20%7D%0A%23rev_slider_10_1_wrapper%20.hebe.tparrows%3Ahover%20.tp-title-wrap%20%7B%0A%20%20transform%3Ascalex%281%29%3B%0A%20%20-webkit-transform%3Ascalex%281%29%3B%0A%7D%0A%23rev_slider_10_1_wrapper%20.hebe%20.tp-arr-titleholder%20%7B%0A%20%20position%3Arelative%3B%0A%20%20text-transform%3Auppercase%3B%0A%20%20color%3A%23ffffff%3B%0A%20%20font-weight%3A600%3B%0A%20%20font-size%3A12px%3B%0A%20%20line-height%3A90px%3B%0A%20%20white-space%3Anowrap%3B%0A%20%20padding%3A0px%2020px%200px%2090px%3B%0A%7D%0A%0A%23rev_slider_10_1_wrapper%20.hebe.tp-rightarrow%20.tp-arr-titleholder%20%7B%0A%20%20%20margin-left%3A0px%3B%20%0A%20%20%20padding%3A0px%2090px%200px%2020px%3B%0A%20%7D%0A%0A%23rev_slider_10_1_wrapper%20.hebe.tparrows%3Ahover%20.tp-arr-titleholder%20%7B%0A%20%20%20transform%3Atranslatex%280px%29%3B%0A%20%20%20-webkit-transform%3Atranslatex%280px%29%3B%0A%20%20transition-delay%3A%200.1s%3B%0A%20%20opacity%3A1%3B%0A%7D%0A%0A%23rev_slider_10_1_wrapper%20.hebe%20.tp-arr-imgholder%7B%0A%20%20%20%20%20%20width%3A90px%3B%0A%20%20%20%20%20%20height%3A90px%3B%0A%20%20%20%20%20%20position%3Aabsolute%3B%0A%20%20%20%20%20%20left%3A100%25%3B%0A%20%20%20%20%20%20display%3Ablock%3B%0A%20%20%20%20%20%20background-size%3Acover%3B%0A%20%20%20%20%20%20background-position%3Acenter%20center%3B%0A%20%20%09%20top%3A0px%3B%20right%3A-90px%3B%0A%20%20%20%20%7D%0A%23rev_slider_10_1_wrapper%20.hebe.tp-rightarrow%20.tp-arr-imgholder%7B%0A%20%20%20%20%20%20%20%20right%3Aauto%3Bleft%3A-90px%3B%0A%20%20%20%20%20%20%7D%0A\");\n\t\t\t\t\tvar htmlDiv = document.getElementById('rs-plugin-settings-inline-css');\n\t\t\t\t\tif(htmlDiv) {\n\t\t\t\t\t\thtmlDiv.innerHTML = htmlDiv.innerHTML + htmlDivCss;\n\t\t\t\t\t}else{\n\t\t\t\t\t\tvar htmlDiv = document.createElement('div');\n\t\t\t\t\t\thtmlDiv.innerHTML = '<style>' + htmlDivCss + '<\/style>';\n\t\t\t\t\t\tdocument.getElementsByTagName('head')[0].appendChild(htmlDiv.childNodes[0]);\n\t\t\t\t\t}\n\t\t\t\t<\/script>\n\t\t\t\t<script>\n\t\t\t\t\tvar htmlDivCss = unescape(\"%0A%0A%0A\");\n\t\t\t\t\tvar htmlDiv = document.getElementById('rs-plugin-settings-inline-css');\n\t\t\t\t\tif(htmlDiv) {\n\t\t\t\t\t\thtmlDiv.innerHTML = htmlDiv.innerHTML + htmlDivCss;\n\t\t\t\t\t}else{\n\t\t\t\t\t\tvar htmlDiv = document.createElement('div');\n\t\t\t\t\t\thtmlDiv.innerHTML = '<style>' + htmlDivCss + '<\/style>';\n\t\t\t\t\t\tdocument.getElementsByTagName('head')[0].appendChild(htmlDiv.childNodes[0]);\n\t\t\t\t\t}\n\t\t\t\t<\/script>\n\t\t\t<\/rs-module-wrap>\n\t\t\t<!-- END REVOLUTION SLIDER -->\n[\/vc_column_text][\/vc_column][\/vc_row][vc_row][vc_column]<div class=\"boc_spacing \" style=\"height: 10px\"><\/div>[\/vc_column][\/vc_row][vc_row][vc_column width=&#8221;1\/3&#8243;]<h2 class=\"boc_heading  al_left  \"  style=\"margin-bottom: 0px;margin-top: 24px;color: #333333;font-size: 32px;\"><span>Storicit\u00e0 ed <strong class=\"text_rotate\">Essenze<\/strong><\/span><\/h2><h3 class=\"boc_heading  al_left  boc_subheading \"  style=\"margin-bottom: 20px;margin-top: 0px;color: #a8a8a8;\"><span>Ogni stanza profuma di Murgia<\/span><\/h3><div class=\"boc_divider_holder\"><div class=\"boc_divider  \"  style=\"margin-top: 24px;margin-bottom: 24px;width: 100px;height: 2px;background: #f4f4f4;\"><\/div><\/div>[vc_column_text]In Via San Gaetano 39, in un palazzo storico di Piazza San Giovanni nasce il <strong>Bed and Breakfast &#8220;Piazza San Giovanni &#8211; Essenze della Murgia&#8221;<\/strong>, un luogo unico dove poter trovare <em>pace<\/em> ed <em>armonia<\/em>. Il <em>B&amp;B<\/em> dispone di comode stanze <strong>doppie<\/strong> e <strong>triple<\/strong> e vi permetter\u00e0 grazie alla sua posizione ottimale di percorrere a piedi le vie pi\u00f9 importanti della nostra citt\u00e0.[\/vc_column_text][\/vc_column][vc_column width=&#8221;2\/3&#8243;]<div class=\"logo_gallery  left_border\"><div class=\"grid_holder  big_spacing\" id=\"img_gallery_96cbfaef685a6739aad2f3d9e4de9ebe\"><div class=\"col span_1_of_2 info_item isotope_element boc_animate_when_almost_visible boc_bottom-to-top\">\r\n\t\t\t\t\t\t\t<div class=\"pic  img_hover_effect2\">\r\n\t\t\t\t\t\t<a href=\"javascript:void(0)\" style=\"cursor: default;\"  class=\"tooltipsy\" original-title=\"LOGO_BEB3\">\r\n\t\t\t\t\t\t\t<img src=\"https:\/\/www.bebpiazzasangiovanni.it\/wp-content\/uploads\/2019\/12\/LOGO_BEB3.png\" alt=\"\"\/>\r\n\t\t\t\t\t\t<\/a><\/div>\r\n\t\t\t\t\t<\/div><\/div><\/div>[\/vc_column][\/vc_row][vc_row][vc_column]<div class=\"boc_spacing \" style=\"height: 40px\"><\/div>[\/vc_column][\/vc_row][vc_row full_width=&#8221;stretch_row_content_no_spaces&#8221; icon_type=&#8221;no_icon&#8221; icon_size=&#8221;32&#8243; icon_style=&#8221;none&#8221; icon_color_border=&#8221;#333333&#8243; icon_border_size=&#8221;1&#8243; icon_border_radius=&#8221;500&#8243; icon_border_spacing=&#8221;50&#8243; img_width=&#8221;48&#8243;][vc_column css=&#8221;.vc_custom_1428509996935{padding-top: 80px !important;padding-right: 70px !important;padding-bottom: 60px !important;padding-left: 70px !important;background-color: #253030 !important;}&#8221; el_class=&#8221;equal_height_column white_text no_text_transform&#8221; offset=&#8221;vc_col-lg-6 vc_col-md-12 vc_col-xs-12&#8243;]<h2 class=\"boc_heading  center  \"  style=\"margin-bottom: 20px;margin-top: 0px;color: #ffffff;\"><span>Vieni a visitare <strong>Altamura<\/strong><\/span><\/h2><div class=\"boc_divider_holder\"><div class=\"boc_divider  \"  style=\"margin-top: 20px;margin-bottom: 20px;width: 60px;margin-left: auto; margin-right: auto;height: 2px;background: rgba(255,255,255,0.24);\"><\/div><\/div>[vc_row_inner][vc_column_inner width=&#8221;1\/2&#8243; css=&#8221;.vc_custom_1427987809551{padding-top: 20px !important;padding-right: 20px !important;padding-bottom: 20px !important;padding-left: 20px !important;}&#8221;]<div class=\"side_icon_box large  boc_animate_when_almost_visible\"><span class=\"icon_feat \" style=\"\"><i class=\"\" style=\"color: #2abfbf;\"><\/i><\/span><h3><a href=\"http:\/\/google.com\" target=\"_blank\">Federicus<\/a><\/h3><div class=\"side_icon_box_content\">La rievocazione medievale che da 8 anni a questa parte colora e trasforma l&#8217;intera citt\u00e0 per 4 giorni, regalando emozioni con i suoi spettacoli e il buon cibo.<\/div><\/div><div class=\"boc_spacing \" style=\"height: 30px\"><\/div><div class=\"side_icon_box large  boc_animate_when_almost_visible\"><span class=\"icon_feat \" style=\"\"><i class=\"\" style=\"color: #2abfbf;\"><\/i><\/span><h3><a href=\"http:\/\/google.com\" target=\"_blank\">Orme dei Dinosauri<\/a><\/h3><div class=\"side_icon_box_content\">Un pezzo di storia dell&#8217;umanit\u00e0 nella nostra citt\u00e0, risalente a circa 70 milioni di anni f\u00e0 (Cretaceo), oltre 4000 impronte ben conservate di dinosauri<\/div><\/div>[\/vc_column_inner][vc_column_inner width=&#8221;1\/2&#8243; css=&#8221;.vc_custom_1427987815993{padding-top: 20px !important;padding-right: 20px !important;padding-bottom: 20px !important;padding-left: 20px !important;}&#8221;]<div class=\"side_icon_box large  boc_animate_when_almost_visible\"><span class=\"icon_feat \" style=\"\"><i class=\"\" style=\"color: #2abfbf;\"><\/i><\/span><h3>Pane di Altamura<\/h3><div class=\"side_icon_box_content\">Una delizia riconosciuta in tutto il Mondo, il pane DOC, fatto di farina di semola, come puoi non assaggiarlo?<\/div><\/div><div class=\"boc_spacing \" style=\"height: 30px\"><\/div><div class=\"side_icon_box large  boc_animate_when_almost_visible\"><span class=\"icon_feat \" style=\"\"><i class=\"\" style=\"color: #2abfbf;\"><\/i><\/span><h3>Cattedrale<\/h3><div class=\"side_icon_box_content\">La Cattedrale eretta dal grande imperatore Federico II di Svevia, con i suoi ornamenti e la sua monumentale bellezza<\/div><\/div>[\/vc_column_inner][\/vc_row_inner][\/vc_column][vc_column width=&#8221;1\/2&#8243; css=&#8221;.vc_custom_1575595962726{padding-top: 70px !important;padding-right: 100px !important;padding-bottom: 70px !important;padding-left: 100px !important;background-image: url(http:\/\/www.bebpiazzasangiovanni.it\/wp-content\/uploads\/2019\/12\/altamura.jpg?id=24054) !important;background-position: center !important;background-repeat: no-repeat !important;background-size: cover !important;}&#8221; offset=&#8221;vc_hidden-md vc_hidden-sm vc_hidden-xs&#8221; el_class=&#8221;equal_height_column&#8221;][\/vc_column][\/vc_row][vc_row][vc_column]<div class=\"boc_divider_holder\"><div class=\"boc_divider  \"  style=\"margin-top: 20px;margin-bottom: 0px;width: 60px;margin-left: auto; margin-right: auto;height: 2px;background: #eeeeee;\"><\/div><\/div>[vc_single_image alignment=&#8221;center&#8221; image=&#8221;24048&#8243;][\/vc_column][\/vc_row][vc_row full_width=&#8221;stretch_row_content_no_spaces&#8221; icon_type=&#8221;no_icon&#8221; icon_size=&#8221;32&#8243; icon_style=&#8221;none&#8221; icon_color_border=&#8221;#333333&#8243; icon_border_size=&#8221;1&#8243; icon_border_radius=&#8221;500&#8243; icon_border_spacing=&#8221;50&#8243; img_width=&#8221;48&#8243; css=&#8221;.vc_custom_1433505290095{border-top-width: 1px !important;border-bottom-width: 1px !important;border-top-color: #eeeeee !important;border-top-style: solid !important;border-bottom-color: #eeeeee !important;border-bottom-style: solid !important;}&#8221;][vc_column width=&#8221;1\/2&#8243; css=&#8221;.vc_custom_1575595337154{background-image: url(http:\/\/www.bebpiazzasangiovanni.it\/wp-content\/uploads\/2019\/12\/matera-L.jpg?id=24044) !important;background-position: center !important;background-repeat: no-repeat !important;background-size: cover !important;}&#8221; offset=&#8221;vc_hidden-md vc_hidden-sm vc_hidden-xs&#8221; el_class=&#8221;equal_height_column&#8221;][\/vc_column][vc_column el_class=&#8221;equal_height_column dark_links no_side_padding_in_responsive_column&#8221; offset=&#8221;vc_col-lg-6 vc_col-md-12 vc_col-xs-12&#8243; css=&#8221;.vc_custom_1454424504539{padding-top: 9% !important;padding-right: 9% !important;padding-bottom: 6% !important;padding-left: 14% !important;}&#8221;]<div class=\"boc_spacing \" style=\"height: 20px\"><\/div><h1 class=\"boc_heading no_text_transform letter_spacing_negative al_left  \"  style=\"margin-bottom: 6px;margin-top: 0px;color: #333333;\"><span>A pochi passi da <strong>Matera<\/strong><\/span><\/h1><h2 class=\"boc_heading  al_left  boc_subheading \"  style=\"margin-bottom: 20px;margin-top: 12px;color: #afafaf;font-size: 19px;\"><span>Da poco Capitale Mondiale della Cultura<\/span><\/h2><div class=\"boc_divider_holder\"><div class=\"boc_divider  \"  style=\"margin-top: 10px;margin-bottom: 50px;width: 60px;height: 2px;background: #eeeeee;\"><\/div><\/div><div class=\"boc_spacing \" style=\"height: 20px\"><\/div>[\/vc_column][\/vc_row][vc_row][vc_column][vc_column_text]<\/p>\n<p>[\/vc_column_text][\/vc_column][\/vc_row][vc_row full_width=&#8221;stretch_row&#8221; bg_type=&#8221;bg_color&#8221; enable_overlay=&#8221;enable_overlay_value&#8221; overlay_color=&#8221;rgba(8,173,167,0.9)&#8221; el_class=&#8221;white_text&#8221; css=&#8221;.vc_custom_1428439249281{margin-bottom: 0px !important;padding-top: 24px !important;padding-bottom: 20px !important;}&#8221; bg_color_value=&#8221;#08ada7&#8243;][vc_column]<div class=\"text_box  box_no_bgr \"><div class=\"text_box_content with_button\"><h2>Richiedi disponibilit\u00e0 delle stanze<\/h2>\r\n\t\t\t\t\t<p><\/p>\r\n\t\t\t\t<\/div><div class=\"btn_holder\"><a\thref=\"http:\/\/www.bebpiazzasangiovanni.it\/contatti\/\" \r\n\t\t\t\t\tclass=\"button  btn_medium_stretched btn_white btn_circled btn_outline icon_pos_after \"  target='_self'><span>Contattaci<\/span> <i class='icon icon icon-angle-right2'><\/i> <\/a><\/div><\/div>[\/vc_column][\/vc_row]<\/p>\n","protected":false},"excerpt":{"rendered":"<p>[vc_row full_width=&#8221;stretch_row_content_no_spaces&#8221;][vc_column][vc_column_text][\/vc_column_text][\/vc_column][\/vc_row][vc_row][vc_column][\/vc_column][\/vc_row][vc_row][vc_column width=&#8221;1\/3&#8243;][vc_column_text]In Via San Gaetano 39, in un palazzo storico di Piazza San Giovanni nasce il Bed and Breakfast &#8220;Piazza San Giovanni &#8211; Essenze della Murgia&#8221;, un luogo unico dove poter trovare pace ed armonia. Il B&amp;B dispone di comode stanze doppie e triple e vi permetter\u00e0 grazie alla sua posizione ottimale di percorrere a piedi le vie pi\u00f9<\/p>\n<div class=\"h10\"><\/div>\n<p><a class=\"more-link1\" href=\"https:\/\/www.bebpiazzasangiovanni.it\/?page_id=23638\">Read more<\/a><\/p>\n","protected":false},"author":2,"featured_media":0,"parent":0,"menu_order":0,"comment_status":"closed","ping_status":"closed","template":"","meta":[],"_links":{"self":[{"href":"https:\/\/www.bebpiazzasangiovanni.it\/index.php?rest_route=\/wp\/v2\/pages\/23638"}],"collection":[{"href":"https:\/\/www.bebpiazzasangiovanni.it\/index.php?rest_route=\/wp\/v2\/pages"}],"about":[{"href":"https:\/\/www.bebpiazzasangiovanni.it\/index.php?rest_route=\/wp\/v2\/types\/page"}],"author":[{"embeddable":true,"href":"https:\/\/www.bebpiazzasangiovanni.it\/index.php?rest_route=\/wp\/v2\/users\/2"}],"replies":[{"embeddable":true,"href":"https:\/\/www.bebpiazzasangiovanni.it\/index.php?rest_route=%2Fwp%2Fv2%2Fcomments&post=23638"}],"version-history":[{"count":21,"href":"https:\/\/www.bebpiazzasangiovanni.it\/index.php?rest_route=\/wp\/v2\/pages\/23638\/revisions"}],"predecessor-version":[{"id":24079,"href":"https:\/\/www.bebpiazzasangiovanni.it\/index.php?rest_route=\/wp\/v2\/pages\/23638\/revisions\/24079"}],"wp:attachment":[{"href":"https:\/\/www.bebpiazzasangiovanni.it\/index.php?rest_route=%2Fwp%2Fv2%2Fmedia&parent=23638"}],"curies":[{"name":"wp","href":"https:\/\/api.w.org\/{rel}","templated":true}]}}